{"id":75,"date":"2025-11-29T13:02:19","date_gmt":"2025-11-29T10:02:19","guid":{"rendered":"https:\/\/muhatap.tr\/sinema\/?page_id=75"},"modified":"2026-02-16T21:41:29","modified_gmt":"2026-02-16T18:41:29","slug":"hakimizda","status":"publish","type":"page","link":"https:\/\/muhatap.tr\/sinema\/hakimizda\/","title":{"rendered":"HAKKIMIZDA"},"content":{"rendered":"<p><img loading=\"lazy\" decoding=\"async\" class=\"size-full aligncenter\" src=\"https:\/\/muhatap.tr\/merkez\/wp-content\/uploads\/sites\/6\/2026\/02\/bir-hikaye-her-yerde-2.png\" width=\"750\" height=\"427\" \/><\/p>\n<p>\u0130yi bir hik\u00e2ye vitrin de\u011fildir,<br \/>\nbir ba\u015flang\u0131\u00e7 noktas\u0131d\u0131r.<\/p>\n<p>Bizde her hik\u00e2ye,<br \/>\ndo\u011fru bir niyetle ba\u015flar.<\/p>\n<p>Bazen bir setin ortas\u0131nda,<br \/>\nbazen karanl\u0131k bir ekranda,<br \/>\nbazen hen\u00fcz ad\u0131 konmam\u0131\u015f parlak bir fikirde\u2026<\/p>\n<p>\u0130\u015fte o an,<br \/>\nheyecan\u0131n ba\u015flad\u0131\u011f\u0131 yerdir.<\/p>\n<p>Biz, hik\u00e2yenin ba\u015flamadan hemen \u00f6nceki<br \/>\nniyet an\u0131yla ilgileniriz.<\/p>\n<p>Yap\u0131mc\u0131 kimli\u011fimizle,<br \/>\nsinemadan gelen anlat\u0131 disipliniyle \u00fcretiriz.<\/p>\n<p>\u0130nsan sezgisiyle,<br \/>\nmakine zek\u00e2s\u0131n\u0131<br \/>\nayn\u0131 yarat\u0131m s\u00fcrecinde bulu\u015fturur,<br \/>\ndijital d\u00fcnyada hik\u00e2yeyi kurar\u0131z.<\/p>\n<p>Yeni anlat\u0131 ve sunu bi\u00e7imleri<br \/>\ntam da burada ortaya \u00e7\u0131kar.<\/p>\n<p>Yapay zek\u00e2 (AI),<br \/>\nkorkulan bir ara\u00e7 de\u011fildir.<\/p>\n<p>Bizim i\u00e7in AI;<br \/>\n\u00fcretimin orta\u011f\u0131d\u0131r.<\/p>\n<p>T\u0131pk\u0131 \u00e7ift\u00e7iyi heyecanland\u0131ran<br \/>\nen modern trakt\u00f6r gibi,<br \/>\nbir torna ustas\u0131n\u0131n<br \/>\ndonan\u0131ml\u0131 CNC makinelerine kavu\u015fmas\u0131 gibi\u2026<\/p>\n<p>\u00dcretimi g\u00fc\u00e7lendirir,<br \/>\nufku geni\u015fletir,<br \/>\nanlat\u0131y\u0131 derinle\u015ftirir.<\/p>\n<p><strong>Davetlisiniz<\/strong><\/p>\n<p>\u00dcretimi muhatap alan<br \/>\nsinema sevdal\u0131lar\u0131 olarak,<br \/>\n\u201c<em>Burada bir hik\u00e2ye ba\u015flamak \u00fczere<\/em>\u201d diyerek<br \/>\nsiz de\u011ferli payda\u015flar\u0131m\u0131z\u0131<br \/>\nselaml\u0131yoruz.<\/p>\n<p><strong>Bir Hik\u00e2ye Her Yerde Ba\u015flar!<\/strong><\/p>\n<p><img loading=\"lazy\" decoding=\"async\" class=\"aligncenter size-full wp-image-118\" src=\"http:\/\/muhatap.tr\/sinema\/wp-content\/uploads\/sites\/13\/2026\/02\/bir-hikaye-baslamak-uzere.png\" alt=\"\" width=\"750\" height=\"427\" srcset=\"https:\/\/muhatap.tr\/sinema\/wp-content\/uploads\/sites\/13\/2026\/02\/bir-hikaye-baslamak-uzere.png 750w, https:\/\/muhatap.tr\/sinema\/wp-content\/uploads\/sites\/13\/2026\/02\/bir-hikaye-baslamak-uzere-300x171.png 300w\" sizes=\"auto, (max-width: 750px) 100vw, 750px\" \/><\/p>\n<p data-start=\"2108\" data-end=\"2385\">Elbette sinema, en g\u00fc\u00e7l\u00fc etkisini dev beyazperdelerde g\u00f6sterir; bu deneyimi ba\u015fka bir mecrada birebir yaratmak m\u00fcmk\u00fcn de\u011fildir. Ancak de\u011fi\u015fimin ka\u00e7\u0131n\u0131lmaz oldu\u011fu g\u00fcn\u00fcm\u00fczde, yenilik\u00e7i ad\u0131mlar atman\u0131n ve dijitalle\u015fen d\u00fcnyaya uyum sa\u011flaman\u0131n da bir gereklili\u011fi oldu\u011funa inan\u0131yoruz.<\/p>\n<p><strong>Film S\u00fcre ve \u00c7e\u015fitlerimiz<\/strong><\/p>\n<p data-start=\"247\" data-end=\"339\">SALON \/ FOTON<br data-start=\"264\" data-end=\"267\" \/><strong data-start=\"267\" data-end=\"291\">Mini Sinema <\/strong>Filmleri &#8211;\u00a0 <strong>0 &#8211; 10 dakika<\/strong> aras\u0131 s\u00fcreye sahip kurgu filmler.<\/p>\n<p data-start=\"341\" data-end=\"437\">SALON \/ PARALAKS<br data-start=\"361\" data-end=\"364\" \/><strong data-start=\"364\" data-end=\"388\">K\u0131sa Sinema <\/strong>Filmleri &#8211;\u00a0 <strong>11 &#8211; 20 dakika<\/strong> aras\u0131 s\u00fcreye sahip kurgu filmler.<\/p>\n<p data-start=\"439\" data-end=\"534\">SALON \/ KUANTUM<br data-start=\"458\" data-end=\"461\" \/><strong data-start=\"461\" data-end=\"485\">Midi Sinema <\/strong>Filmleri &#8211;\u00a0 <strong>21 &#8211; 50 dakika<\/strong> aras\u0131 s\u00fcreye sahip kurgu filmler.<\/p>\n<p data-start=\"536\" data-end=\"635\">SALON \/ SINGULARITY<br data-start=\"559\" data-end=\"562\" \/><strong data-start=\"562\" data-end=\"586\">Maxi Sinema <\/strong>Filmleri &#8211;\u00a0 <strong>51 dakika ve \u00fczeri<\/strong> s\u00fcreye sahip kurgu filmler.<\/p>\n<p data-start=\"637\" data-end=\"738\">SALON \/ MAZHAR<br data-start=\"655\" data-end=\"658\" \/><strong data-start=\"658\" data-end=\"686\">Belgesel Sinema <\/strong>Filmleri &#8211;\u00a0 <strong>0 &#8211; 28 dakika<\/strong> aras\u0131 s\u00fcreye sahip belgesel yap\u0131mlar.<\/p>\n<p><strong>Muhatap Sinema<\/strong>, sinema sanat\u0131n\u0131n t\u00fcm y\u00f6nlerini ele alan bir k\u00fclt\u00fcr oda\u011f\u0131d\u0131r. G\u00fcn\u00fcm\u00fcz sinemas\u0131n\u0131; e\u011flenceli bir anlat\u0131 bi\u00e7imi, ortak bir k\u00fclt\u00fcr haf\u0131zas\u0131 ve toplumsal etkile\u015fim alan\u0131 olarak g\u00f6r\u00fcyoruz.<\/p>\n<p data-start=\"1344\" data-end=\"1834\">Misyonumuz yaln\u0131zca yeni filmler \u00fcretmek ve yay\u0131nlamak de\u011fildir. \u00dcretti\u011fimiz her filmin g\u00fcncel bir amac\u0131 olmas\u0131n\u0131, g\u00f6sterime girdi\u011fi g\u00fcn, hafta veya ay\u0131n anlam ve \u00f6nemine dair fark\u0131ndal\u0131k olu\u015fturmas\u0131n\u0131 hedefliyoruz. Bu \u00f6zel zamanlarda sinemaseverlerin biraraya gelip ke\u015ffetti\u011fi, tart\u0131\u015ft\u0131\u011f\u0131 ve ilham ald\u0131\u011f\u0131 bir alan yaratmak bizim i\u00e7in \u00f6nemlidir. Ayn\u0131 zamanda sinema dilini, tarihini, estetik yakla\u015f\u0131mlar\u0131n\u0131 ve sekt\u00f6r\u00fcn d\u00f6n\u00fc\u015f\u00fcm\u00fcn\u00fc do\u011fru bir perspektifle ele alman\u0131n sorumlulu\u011funu ta\u015f\u0131yoruz.<\/p>\n<p data-start=\"1836\" data-end=\"2106\">Filmlerin arka plan\u0131na, y\u00f6netmenlerin d\u00fcnyas\u0131na ve unutulmaz sahnelerin hik\u00e2yesine birlikte bakarak sinema k\u00fclt\u00fcr\u00fcn\u00fc herkes i\u00e7in ula\u015f\u0131labilir k\u0131l\u0131yoruz. Sinemaya duydu\u011fumuz sayg\u0131yla, bu sanat\u0131n bug\u00fcn\u00fc ve gelece\u011fini bilin\u00e7li bir takip deneyimine d\u00f6n\u00fc\u015ft\u00fcrmeye \u00e7al\u0131\u015f\u0131yoruz.<\/p>\n<p data-start=\"637\" data-end=\"738\">\n","protected":false},"excerpt":{"rendered":"<p>\u0130yi bir hik\u00e2ye vitrin de\u011fildir, bir ba\u015flang\u0131\u00e7 noktas\u0131d\u0131r. Bizde her hik\u00e2ye, do\u011fru bir niyetle ba\u015flar. Bazen bir setin ortas\u0131nda, bazen karanl\u0131k bir ekranda, bazen hen\u00fcz ad\u0131 konmam\u0131\u015f parlak bir fikirde\u2026 \u0130\u015fte o an, heyecan\u0131n ba\u015flad\u0131\u011f\u0131 yerdir. Biz, hik\u00e2yenin ba\u015flamadan hemen \u00f6nceki niyet an\u0131yla ilgileniriz. Yap\u0131mc\u0131 kimli\u011fimizle, sinemadan gelen anlat\u0131 disipliniyle \u00fcretiriz. \u0130nsan sezgisiyle, makine zek\u00e2s\u0131n\u0131 [&hellip;]<\/p>\n","protected":false},"author":1,"featured_media":0,"parent":0,"menu_order":0,"comment_status":"closed","ping_status":"closed","template":"","meta":{"footnotes":"","_links_to":"","_links_to_target":""},"class_list":["post-75","page","type-page","status-publish","hentry"],"_links":{"self":[{"href":"https:\/\/muhatap.tr\/sinema\/wp-json\/wp\/v2\/pages\/75","targetHints":{"allow":["GET"]}}],"collection":[{"href":"https:\/\/muhatap.tr\/sinema\/wp-json\/wp\/v2\/pages"}],"about":[{"href":"https:\/\/muhatap.tr\/sinema\/wp-json\/wp\/v2\/types\/page"}],"author":[{"embeddable":true,"href":"https:\/\/muhatap.tr\/sinema\/wp-json\/wp\/v2\/users\/1"}],"replies":[{"embeddable":true,"href":"https:\/\/muhatap.tr\/sinema\/wp-json\/wp\/v2\/comments?post=75"}],"version-history":[{"count":20,"href":"https:\/\/muhatap.tr\/sinema\/wp-json\/wp\/v2\/pages\/75\/revisions"}],"predecessor-version":[{"id":121,"href":"https:\/\/muhatap.tr\/sinema\/wp-json\/wp\/v2\/pages\/75\/revisions\/121"}],"wp:attachment":[{"href":"https:\/\/muhatap.tr\/sinema\/wp-json\/wp\/v2\/media?parent=75"}],"curies":[{"name":"wp","href":"https:\/\/api.w.org\/{rel}","templated":true}]}}