{"id":27,"date":"2025-10-30T01:56:55","date_gmt":"2025-10-29T22:56:55","guid":{"rendered":"https:\/\/muhatap.tr\/temelli\/?page_id=27"},"modified":"2025-10-30T01:59:51","modified_gmt":"2025-10-29T22:59:51","slug":"kunye","status":"publish","type":"page","link":"https:\/\/muhatap.tr\/temelli\/kunye\/","title":{"rendered":"K\u00dcNYE"},"content":{"rendered":"<p class=\"has-text-align-center\" style=\"text-align: center;\"><strong>\u0130mtiyaz Sahibi:<\/strong><br \/>\nSelma Dijital Medya Yap\u0131m ve Yay\u0131nc\u0131l\u0131k A.\u015e.<\/p>\n<p class=\"has-text-align-center\" style=\"text-align: center;\"><strong>Genel Yay\u0131n Y\u00f6netmeni<\/strong>\u00a0\/<br \/>\n<strong>Sorumlu Yaz\u0131 \u0130\u015fleri M\u00fcd\u00fcr\u00fc:<br \/>\n<\/strong>Hacivat \u00c7elebi<br \/>\nmuhatapmerkez@gmail.com<\/p>\n<p style=\"text-align: center;\"><strong>Genel M\u00fcd\u00fcr:<\/strong><br \/>\nAli Arslan<br \/>\nmuhatapmerkez@gmail.com<\/p>\n<p style=\"text-align: center;\"><strong>&#8212;&#8212;&#8212;&#8212;&#8212;&#8212;&#8212;&#8212;&#8212;&#8212;&#8212;&#8212;&#8212;&#8212;&#8212;&#8212;&#8212;&#8212;&#8212;&#8212;&#8212;&#8212;-<\/strong><\/p>\n<p class=\"has-text-align-center\" style=\"text-align: center;\">TEMELL\u0130 HAVZASI\u00a0 TEMS\u0130LC\u0130S\u0130<br \/>\n<strong>&#8230;&#8230;&#8230;&#8230;..\u00a0 \u00a0 \u00a0&#8230;&#8230;&#8230;&#8230;&#8230;..<br \/>\n<\/strong>muhatapmerkez@gmail.com<\/p>\n<p style=\"text-align: center;\"><strong>&#8212;&#8212;&#8212;&#8212;&#8212;&#8212;&#8212;&#8212;&#8212;&#8212;&#8212;&#8212;&#8212;&#8212;&#8212;&#8212;&#8212;&#8212;&#8212;&#8212;&#8212;&#8212;&#8212;<\/strong><\/p>\n<p style=\"text-align: center;\"><strong>Reklam ve \u0130dari \u0130\u015fler\u00a0 M\u00fcd\u00fcr\u00fc:<\/strong><br \/>\nSelma \u00c7elebi<br \/>\nmuhatapmerkez@gmail.com<\/p>\n<p style=\"text-align: center;\"><strong>Mali M\u00fc\u015favir \/ Mali Dan\u0131\u015fman:<br \/>\n<\/strong>SMMM Musa Yal\u00e7\u0131n<br \/>\n<strong><br \/>\nHukuk Dan\u0131\u015fman\u0131:\u00a0<\/strong>Av. Hamza \u00c7imen<br \/>\n<a href=\"https:\/\/hamzacimen.av.tr\/\">hamzacimen.av.tr<\/a><\/p>\n<p style=\"text-align: center;\"><strong>Merkez Adres:<\/strong><br \/>\nFidanl\u0131k Mah. Mithatpa\u015fa Cad. No: 39\/14<br \/>\n\u00c7ankaya \/ ANKARA<\/p>\n<p style=\"text-align: center;\"><strong>WhatsApp:<\/strong>\u00a00 555 498 1781<\/p>\n<p style=\"text-align: center;\">Yer Sa\u011flay\u0131c\u0131:<br \/>\n<strong>g\u00fczelhosting<\/strong>\u00a0Web Hosting\u00a0 ve Internet Hizmetleri<br \/>\nhttps:\/\/www.guzel.net.tr\/<\/p>\n<p><strong>Abone\u00a0 Oldu\u011fu Ajanslar:<\/strong>\u00a0BHA- Birlik Haber Ajans\u0131,\u00a0 \u0130GFA Haber Ajans\u0131,\u00a0 SANAY\u0130 HABER AJANSI, BEYAZ HABER AJANSI, STEND\u00dcSTR\u0130, BSHA\u00a0 Bilim ve Sa\u011fl\u0131k Haber Ajans\u0131, B2 PRESS<\/p>\n<p><strong>UYARI!<\/strong>\u00a0<strong>1-1.<\/strong>\u00a0Ziyaret etmekte oldu\u011funuz bu internet gazetesi,\u00a0<em>(<a href=\"http:\/\/www\/\" target=\"_new\" rel=\"noopener\">www<\/a>.) muhatap.tr<\/em>\u00a0alan ad\u0131 adres \u00e7ubu\u011funa yaz\u0131ld\u0131\u011f\u0131nda eri\u015filen bir haber kayna\u011f\u0131d\u0131r.<\/p>\n<p>Gazetemiz; hayat\u0131n i\u00e7inden insani olaylar, \u00f6rg\u00fcler, geli\u015fmeler, sanat, siyaset, ticaret, e\u011fitim ve e\u011flence etkinlikleri gibi haber alma \u00f6zg\u00fcrl\u00fc\u011f\u00fc kapsam\u0131nda ihtiya\u00e7 duyulabilecek bilgilendirme, duyurma ve tan\u0131tma amac\u0131yla faaliyet g\u00f6stermektedir. S\u00f6z konusu web adresinde, bir genel ana sayfa \u00fczerinden ilgili kategorilerde toplanan, olu\u015fturulan ya da bir haber ajans\u0131 kayna\u011f\u0131ndan temin edilen haberler yay\u0131mlan\u0131r.<\/p>\n<p><em>muhatap.tr<\/em>\u00a0internet gazetesi sitesini ziyaret eden herkes, bu sitenin belirledi\u011fi\u00a0<strong>\u2018UYARI ve KURALLAR\u2019<\/strong>\u00a0metnini okumu\u015f ve kabul etmi\u015f say\u0131l\u0131r.<\/p>\n<p><strong>1-2. Yay\u0131n \u0130lkeleri:<\/strong>\u00a0<em>muhatap.tr<\/em>\u00a0internet gazetesi, T\u00fcrkiye Cumhuriyeti yasalar\u0131na ayk\u0131r\u0131 her t\u00fcrl\u00fc i\u00e7eri\u011fi reddeder.<br \/>\na)\u00a0<em>muhatap.tr<\/em>,\u00a0<strong>Bas\u0131n Yay\u0131n \u0130lkeleri<\/strong>\u2018ne uymay\u0131 taahh\u00fct etmi\u015ftir.<br \/>\nb) Ki\u015filerin hak ve \u00f6zg\u00fcrl\u00fcklerine sald\u0131r\u0131, rencide edici, itham ve zan alt\u0131nda b\u0131rak\u0131c\u0131 i\u00e7erikler kesinlikle yay\u0131mlanmaz.<br \/>\nc) Sitemiz i\u00e7erisinde yer alan ba\u011flant\u0131 (link) i\u00e7eriklerinden sorumluluk kabul edilmez. Bu ba\u011flant\u0131lar\u0131n sorumlulu\u011fu, ait olduklar\u0131 sitelere aittir.<br \/>\nd) Site i\u00e7inde yer verilen ba\u011flant\u0131lardaki yanl\u0131\u015fl\u0131klar muhatapmerkez@gmail.com\u00a0 e- posta adresine bildirildi\u011finde, d\u00fczeltmeler en k\u0131sa s\u00fcrede yap\u0131l\u0131r.<br \/>\ne) Site i\u00e7erisinde yay\u0131mlanan yaz\u0131 ve yorumlardan yaln\u0131zca yazarlar\u0131 sorumludur. f) Siteye g\u00f6nderilen yaz\u0131 ve foto\u011fraflar, yay\u0131mlans\u0131n ya da yay\u0131mlanmas\u0131n, hi\u00e7bir \u015fekilde geri iade edilmez.<br \/>\ng)\u00a0<em>muhatap.tr<\/em>\u00a0internet gazetesi sitesine ziyaret ger\u00e7ekle\u015ftiren herkes, bu kurallar\u0131 okumu\u015f ve kabul etmi\u015f say\u0131l\u0131r. Ayr\u0131ca\u00a0<strong>G\u0130ZL\u0130L\u0130K<\/strong>,\u00a0<strong>UYARILAR<\/strong>\u00a0ve\u00a0<strong>KURALLAR<\/strong>\u00a0politikalar\u0131m\u0131z\u0131 ilgili sayfalardan okuyarak bilgi alman\u0131z tavsiye edilir.<\/p>\n","protected":false},"excerpt":{"rendered":"<p>\u0130mtiyaz Sahibi: Selma Dijital Medya Yap\u0131m ve Yay\u0131nc\u0131l\u0131k A.\u015e. Genel Yay\u0131n Y\u00f6netmeni\u00a0\/ Sorumlu Yaz\u0131 \u0130\u015fleri M\u00fcd\u00fcr\u00fc: Hacivat \u00c7elebi muhatapmerkez@gmail.com Genel M\u00fcd\u00fcr: Ali Arslan muhatapmerkez@gmail.com &#8212;&#8212;&#8212;&#8212;&#8212;&#8212;&#8212;&#8212;&#8212;&#8212;&#8212;&#8212;&#8212;&#8212;&#8212;&#8212;&#8212;&#8212;&#8212;&#8212;&#8212;&#8212;- TEMELL\u0130 HAVZASI\u00a0 TEMS\u0130LC\u0130S\u0130 &#8230;&#8230;&#8230;&#8230;..\u00a0 \u00a0 \u00a0&#8230;&#8230;&#8230;&#8230;&#8230;.. muhatapmerkez@gmail.com &#8212;&#8212;&#8212;&#8212;&#8212;&#8212;&#8212;&#8212;&#8212;&#8212;&#8212;&#8212;&#8212;&#8212;&#8212;&#8212;&#8212;&#8212;&#8212;&#8212;&#8212;&#8212;&#8212; Reklam ve \u0130dari \u0130\u015fler\u00a0 M\u00fcd\u00fcr\u00fc: Selma \u00c7elebi muhatapmerkez@gmail.com Mali M\u00fc\u015favir \/ Mali Dan\u0131\u015fman: SMMM Musa Yal\u00e7\u0131n Hukuk Dan\u0131\u015fman\u0131:\u00a0Av. Hamza \u00c7imen hamzacimen.av.tr Merkez [&hellip;]<\/p>\n","protected":false},"author":1,"featured_media":0,"parent":0,"menu_order":0,"comment_status":"closed","ping_status":"closed","template":"","meta":{"footnotes":"","_links_to":"","_links_to_target":""},"class_list":["post-27","page","type-page","status-publish","hentry"],"_links":{"self":[{"href":"https:\/\/muhatap.tr\/temelli\/wp-json\/wp\/v2\/pages\/27","targetHints":{"allow":["GET"]}}],"collection":[{"href":"https:\/\/muhatap.tr\/temelli\/wp-json\/wp\/v2\/pages"}],"about":[{"href":"https:\/\/muhatap.tr\/temelli\/wp-json\/wp\/v2\/types\/page"}],"author":[{"embeddable":true,"href":"https:\/\/muhatap.tr\/temelli\/wp-json\/wp\/v2\/users\/1"}],"replies":[{"embeddable":true,"href":"https:\/\/muhatap.tr\/temelli\/wp-json\/wp\/v2\/comments?post=27"}],"version-history":[{"count":1,"href":"https:\/\/muhatap.tr\/temelli\/wp-json\/wp\/v2\/pages\/27\/revisions"}],"predecessor-version":[{"id":28,"href":"https:\/\/muhatap.tr\/temelli\/wp-json\/wp\/v2\/pages\/27\/revisions\/28"}],"wp:attachment":[{"href":"https:\/\/muhatap.tr\/temelli\/wp-json\/wp\/v2\/media?parent=27"}],"curies":[{"name":"wp","href":"https:\/\/api.w.org\/{rel}","templated":true}]}}